{"id":4535,"date":"2019-04-25T17:57:07","date_gmt":"2019-04-25T17:57:07","guid":{"rendered":"https:\/\/financementvolta.ca\/?page_id=4535"},"modified":"2022-10-17T17:29:55","modified_gmt":"2022-10-17T17:29:55","slug":"home","status":"publish","type":"page","link":"https:\/\/financementvolta.ca\/en\/","title":{"rendered":"Home"},"content":{"rendered":"<section class=\"wpb-content-wrapper\"><p>[vc_row css=&#8221;.vc_custom_1549908172993{padding-bottom: 15px !important;}&#8221;][vc_column][vc_column_text]<\/p>\n<div class=\"heading title-1 text-center\">\n<h1><span class=\"highlight\">Don\u2019t pay for our services, invest in our solutions!<\/span><\/h1>\n<p><em><span class=\"sub-title\">\u00a0<\/span><\/em><\/p>\n<\/div>\n<p>[\/vc_column_text][\/vc_column][\/vc_row][vc_row vertical_align=&#8221;middle&#8221; padding_size=&#8221;s-padding&#8221;][vc_column width=&#8221;1\/2&#8243;][vc_custom_heading text=&#8221;For people in financial difficulties&#8221; font_container=&#8221;tag:h2|font_size:30px|text_align:center&#8221; use_theme_fonts=&#8221;yes&#8221;][vc_separator el_width=&#8221;70%&#8221; color=&#8221;#000000&#8243;][vc_column_text]<\/p>\n<div>\n<ul>\n<li><strong>bad credit records and recent bankruptcy<\/strong><\/li>\n<li><strong>60 days notice<\/strong><\/li>\n<li><strong>legal mortgage<\/strong><\/li>\n<li><strong>delays and debts consolidation<\/strong><\/li>\n<\/ul>\n<\/div>\n<p>[\/vc_column_text][\/vc_column][vc_column width=&#8221;1\/2&#8243;][vc_custom_heading text=&#8221;For real estate investors&#8221; font_container=&#8221;tag:h2|font_size:30px|text_align:center&#8221; use_theme_fonts=&#8221;yes&#8221;][vc_separator el_width=&#8221;70%&#8221; color=&#8221;#000000&#8243;][vc_column_text css=&#8221;.vc_custom_1621789331858{padding-left: 10% !important;}&#8221;]<\/p>\n<ul>\n<li><strong>deposit financing for land development<\/strong><\/li>\n<li><strong>real estate flips<\/strong><\/li>\n<li><strong>building optimization<\/strong><\/li>\n<li><strong>non-standard purchase of real estate<\/strong><\/li>\n<\/ul>\n<p>[\/vc_column_text][\/vc_column][\/vc_row][vc_row vertical_align=&#8221;middle&#8221; padding_size=&#8221;s-padding&#8221;][vc_column padding_size=&#8221;s-padding&#8221; width=&#8221;1\/3&#8243;][vc_custom_heading text=&#8221;Advantages&#8221; font_container=&#8221;tag:h2|font_size:30px|text_align:center&#8221; use_theme_fonts=&#8221;yes&#8221;][vc_separator el_width=&#8221;70%&#8221; color=&#8221;#000000&#8243;][vc_column_text]<\/p>\n<ul>\n<li><b>not shown in your credit bureau report<\/b><\/li>\n<li><strong>the personal income is not taken into consideration in the ratios<\/strong><\/li>\n<li><strong>short, medium and long-term financing <\/strong><\/li>\n<li><strong>flexible reimbursement <\/strong><\/li>\n<li><strong>loans are repayable at any time<\/strong><\/li>\n<li><strong>no minimum or maximum amount<\/strong><\/li>\n<li><strong>first or second mortgage loans<\/strong><\/li>\n<li><strong>financing approval within 48 hours<\/strong><\/li>\n<li><strong>no brokerage fees to pay if you do business directly with us<\/strong><\/li>\n<\/ul>\n<p>[\/vc_column_text][\/vc_column][vc_column text_align=&#8221;center&#8221; padding_size=&#8221;m-padding&#8221; width=&#8221;2\/3&#8243;][vc_single_image image=&#8221;4540&#8243; img_size=&#8221;blog-medium&#8221; alignment=&#8221;center&#8221; css=&#8221;.vc_custom_1554155117589{padding-top: 55px !important;}&#8221;][\/vc_column][\/vc_row][vc_row][vc_column width=&#8221;1\/3&#8243;][info_box title=&#8221;New opportunities&#8221; icon=&#8221;fa fa-hand-paper-o&#8221; icon_size=&#8221;large&#8221; color=&#8221;#6cb33f&#8221; animation=&#8221;fadeInRight&#8221; size=&#8221;large&#8221; hover=&#8221;1&#8243; position=&#8221;top&#8221;]Do you have a valuable project but don\u2019t receive the necessary support from your usual financial partners? Come see us, we will talk about your financial situation and find the right solution for you.[\/info_box][\/vc_column][vc_column width=&#8221;1\/3&#8243;][info_box title=&#8221;Get a second chance&#8221; icon=&#8221;fa fa-lightbulb-o&#8221; icon_size=&#8221;large&#8221; color=&#8221;#6cb33f&#8221; animation=&#8221;fadeInUp&#8221;]Some situations are beyond our control and complicate our financial situations. At Volta Financing, we help you to overcome these difficulties so that you can regain your stability.[\/info_box][\/vc_column][vc_column width=&#8221;1\/3&#8243;][info_box title=&#8221;Is an opportunity to be seized ?&#8221; icon=&#8221;fa fa-heart&#8221; icon_size=&#8221;large&#8221; color=&#8221;#6cb33f&#8221; animation=&#8221;fadeInLeft&#8221;]Sometimes life offers us irresistible business opportunities. At Volta Financing, we take it to heart. So, if you have a liquidity shortage to take advantage of a good deal, we have an offer for you.[\/info_box][\/vc_column][\/vc_row][vc_row vertical_align=&#8221;middle&#8221; padding_size=&#8221;s-padding&#8221; el_id=&#8221;propos&#8221;][vc_column][heading title=&#8221;About us&#8221; style=&#8221;9&#8243; animation=&#8221;fadeInDown&#8221;][vc_column_text]<\/p>\n<h4>The company<\/h4>\n<p style=\"text-align: justify;\">Volta Financing is a young and dynamic company that was founded in 2013. Despite our relatively young age, our company has been in business with professionals who all have a minimum of 20-year-experience in the field, including notaries, lawyers, appraisers, trustees, real estate brokers, accountants, etc. Our broadband contact network enables us to have the necessary resources to ensure the quality of our services.<\/p>\n<h4>Our mission<\/h4>\n<p style=\"text-align: justify;\">Providing an alternative to traditional banks for short, medium and long-term needs in a simple, fast, flexible and confidential manner. Do not pay for our services, invest in our solutions!<\/p>\n<h4>Procedures<\/h4>\n<p style=\"text-align: justify;\">Each file is examined according to the equity of the building that is being pledged as security. The market value will be assessed and a financing proposal will be offered to the borrower. The process from loan application to financing offer can take about 48 hours.<\/p>\n<ul>\n<li>telephone interview with the client and brief situation assessment<\/li>\n<li>meeting in our facilities for a complete file analysis<\/li>\n<li>market evaluation of the real estate property used as collateral<\/li>\n<li>financing options depending on risks and conditions<\/li>\n<li>signing at the notary&#8217;s office<\/li>\n<\/ul>\n<h4>Our area of operations<\/h4>\n<p style=\"text-align: justify;\">The regions we operate in are mainly Montreal with the North and South Shores, Mauricie, Mont\u00e9r\u00e9gie, Centre-du-Qu\u00e9bec, and Quebec City. In some cases, we can expand our territory. Contact us directly to see if we can be of assistance. Otherwise we will refer you free of charge to other specialized private lenders in your area.<\/p>\n<h4>Our name<\/h4>\n<p style=\"text-align: justify;\">Why Financement Volta?\u00a0Volta means a sudden path change, a turning point.\u00a0The word VOLT inspires us to think about electrical load, about renewal on life. The meaning of the company&#8217;s name is ideal for people who would need a boost in funding to stabilize and overcome their financial problems in business.<\/p>\n<p>[\/vc_column_text][\/vc_column][\/vc_row][vc_row padding_size=&#8221;s-padding&#8221; css=&#8221;.vc_custom_1553031367903{background-color: #f5f5f5 !important;}&#8221; el_id=&#8221;services&#8221;][vc_column width=&#8221;1\/2&#8243;][heading title=&#8221;Our Services&#8221; style=&#8221;9&#8243; animation=&#8221;fadeInDown&#8221;][vc_column_text]<\/p>\n<p style=\"text-align: justify;\"><strong>We provide first and second mortgage financing to people whose conventional financial institutions deny to lend, either because of financial problems or the nature of the project.<\/strong><\/p>\n<p style=\"text-align: justify;\"><strong>No matter what the financial situation or needs, there is always a way to solve problems or allow people to benefit from an interesting leverage effect. Contact us, and we will be pleased to offer you the best option.<\/strong><\/p>\n<p>[\/vc_column_text][\/vc_column][vc_column width=&#8221;1\/2&#8243;][vc_single_image image=&#8221;4538&#8243; img_size=&#8221;blog-large&#8221;][\/vc_column][\/vc_row][vc_row padding_size=&#8221;no-padding&#8221; css=&#8221;.vc_custom_1552507621020{padding-right: 2% !important;background-color: #f5f5f5 !important;}&#8221;][vc_column width=&#8221;1\/3&#8243;][vc_custom_heading text=&#8221;Financial Problems&#8221; font_container=&#8221;tag:h2|font_size:30px|text_align:center|color:%236cb33f&#8221; use_theme_fonts=&#8221;yes&#8221; el_id=&#8221;service1&#8243;][vc_separator el_width=&#8221;70%&#8221; color=&#8221;#000000&#8243;][vc_column_text]<\/p>\n<ul>\n<li><strong>the\u00a0notice\u00a0of\u00a0the\u00a0exercise\u00a0of\u00a0a creditor<\/strong><\/li>\n<li><strong>legal mortgage<\/strong><\/li>\n<li><strong>bankruptcy or recent consumer proposal<\/strong><\/li>\n<li><strong>indebtedness<\/strong><\/li>\n<li><strong>low income<\/strong><\/li>\n<li><strong>poor credit history<\/strong><\/li>\n<li><strong>delays in mortgage payment<\/strong><\/li>\n<li><strong>delays in the payment of municipal and school taxes<\/strong><\/li>\n<\/ul>\n<p>[\/vc_column_text][\/vc_column][vc_column width=&#8221;1\/3&#8243;][vc_custom_heading text=&#8221;Project nature&#8221; font_container=&#8221;tag:h2|font_size:30px|text_align:center|color:%236cb33f&#8221; use_theme_fonts=&#8221;yes&#8221;][vc_separator el_width=&#8221;70%&#8221; color=&#8221;#000000&#8243;][vc_column_text]<\/p>\n<ul>\n<li><strong>deposit requested by a land seller<\/strong><\/li>\n<li><strong>purchase of a building in poor condition<\/strong><\/li>\n<li><strong>short-term refinancing<\/strong><\/li>\n<li><strong>financing of an income property with a high vacancy rate<\/strong><\/li>\n<li><strong>financing an exceptional opportunity<\/strong><\/li>\n<li><strong>real estate flip<\/strong><\/li>\n<\/ul>\n<p>[\/vc_column_text][\/vc_column][vc_column width=&#8221;1\/3&#8243;][vc_custom_heading text=&#8221;Types of loans&#8221; font_container=&#8221;tag:h2|font_size:30px|text_align:center|color:%236cb33f&#8221; use_theme_fonts=&#8221;yes&#8221;][vc_separator el_width=&#8221;70%&#8221; color=&#8221;#000000&#8243;][vc_column_text]<\/p>\n<ul>\n<li><strong>first or second conventional mortgage financing<\/strong><\/li>\n<li><strong>deposit financing for land development or building purchase<\/strong><\/li>\n<li><strong>transitional funding (bridge)<\/strong><\/li>\n<li><strong>loans for construction and renovation<\/strong><\/li>\n<li><strong>equity loan<\/strong><\/li>\n<li><strong>debts consolidation <\/strong><\/li>\n<li><strong>bankruptcy or proposal financing <\/strong><\/li>\n<li><strong>payment of a notice of exercise or a legal mortgagee<\/strong><\/li>\n<li><strong>current mortgage, municipal taxes and school taxes delays update <\/strong><\/li>\n<li><strong>short term loan for real estate flip<\/strong><\/li>\n<\/ul>\n<p>[\/vc_column_text][\/vc_column][\/vc_row][vc_row alt_color=&#8221;true&#8221; parallax=&#8221;true&#8221; background_overlay=&#8221;color&#8221; css=&#8221;.vc_custom_1553031435958{padding-top: 120px !important;padding-bottom: 120px !important;background-image: url(http:\/\/wydethemes.com\/vela1\/wp-content\/uploads\/2014\/09\/bg-subcontent-w-06.jpg?id=4307) !important;}&#8221; overlay_color=&#8221;#21242a&#8221; el_id=&#8221;etudeDeCas&#8221;][vc_column][heading title=&#8221;Case study&#8221; style=&#8221;9&#8243; animation=&#8221;fadeInDown&#8221;][testimonials_slider show_navigation=&#8221;true&#8221; auto_play=&#8221;true&#8221; max_posts=&#8221;10&#8243;][\/testimonials_slider][vc_empty_space height=&#8221;60px&#8221;][\/vc_column][\/vc_row][vc_row alt_bg_color=&#8221;true&#8221; mask=&#8221;bottom&#8221; mask_style=&#8221;70&#8243; padding_size=&#8221;no-padding&#8221; css=&#8221;.vc_custom_1552504364440{padding-bottom: 95px !important;}&#8221; mask_color=&#8221;#181818&#8243; el_id=&#8221;contact&#8221;][vc_column width=&#8221;1\/3&#8243;][vc_empty_space height=&#8221;50px&#8221;][heading title=&#8221;Contact us&#8221; style=&#8221;9&#8243; animation=&#8221;fadeInDown&#8221;][vc_column_text animation=&#8221;fadeInUp&#8221;]<strong>1452, rue Badeaux, bureau 201,<br \/>\nTrois-Rivi\u00e8res, Qu\u00e9bec, G9A 6R2<\/strong><\/p>\n<p><strong><a class=\"phone\" href=\"http:\/\/www.financementvolta.com\/(T)%20819%20374-6999\">(T) 819 374-6999<\/a><\/strong><\/p>\n<p><strong><a class=\"email\" href=\"mailto:info@financementvolta.com\">info@financementvolta.com<\/a><\/strong>[\/vc_column_text]\n<div class=\"wpcf7 no-js\" id=\"wpcf7-f4567-o1\" lang=\"fr-FR\" dir=\"ltr\">\n<div class=\"screen-reader-response\"><p role=\"status\" aria-live=\"polite\" aria-atomic=\"true\"><\/p> <ul><\/ul><\/div>\n<form action=\"\/en\/wp-json\/wp\/v2\/pages\/4535#wpcf7-f4567-o1\" method=\"post\" class=\"wpcf7-form init\" aria-label=\"Formulaire de contact\" novalidate=\"novalidate\" data-status=\"init\">\n<div style=\"display: none;\">\n<input type=\"hidden\" name=\"_wpcf7\" value=\"4567\" \/>\n<input type=\"hidden\" name=\"_wpcf7_version\" value=\"5.8.3\" \/>\n<input type=\"hidden\" name=\"_wpcf7_locale\" value=\"fr_FR\" \/>\n<input type=\"hidden\" name=\"_wpcf7_unit_tag\" value=\"wpcf7-f4567-o1\" \/>\n<input type=\"hidden\" name=\"_wpcf7_container_post\" value=\"0\" \/>\n<input type=\"hidden\" name=\"_wpcf7_posted_data_hash\" value=\"\" \/>\n<input type=\"hidden\" name=\"_wpcf7_recaptcha_response\" value=\"\" \/>\n<\/div>\n<p><label>Name*<br \/>\n<span class=\"wpcf7-form-control-wrap\" data-name=\"your-name\"><input size=\"40\" class=\"wpcf7-form-control wpcf7-text wpcf7-validates-as-required\" aria-required=\"true\" aria-invalid=\"false\" value=\"\" type=\"text\" name=\"your-name\" \/><\/span> <\/label>\n<\/p>\n<p><label>Email*<br \/>\n<span class=\"wpcf7-form-control-wrap\" data-name=\"your-email\"><input size=\"40\" class=\"wpcf7-form-control wpcf7-email wpcf7-validates-as-required wpcf7-text wpcf7-validates-as-email\" aria-required=\"true\" aria-invalid=\"false\" value=\"\" type=\"email\" name=\"your-email\" \/><\/span> <\/label>\n<\/p>\n<p><label>Phone*<br \/>\n<span class=\"wpcf7-form-control-wrap\" data-name=\"tel-395\"><input size=\"40\" class=\"wpcf7-form-control wpcf7-tel wpcf7-validates-as-required wpcf7-text wpcf7-validates-as-tel\" aria-required=\"true\" aria-invalid=\"false\" value=\"\" type=\"tel\" name=\"tel-395\" \/><\/span> <\/label>\n<\/p>\n<p><label>Message (Optional)<br \/>\n<span class=\"wpcf7-form-control-wrap\" data-name=\"your-message\"><textarea cols=\"40\" rows=\"10\" class=\"wpcf7-form-control wpcf7-textarea\" aria-invalid=\"false\" name=\"your-message\"><\/textarea><\/span> <\/label>\n<\/p>\n<p><input class=\"wpcf7-form-control wpcf7-submit has-spinner\" type=\"submit\" value=\"Submit\" \/>\n<\/p><div class=\"wpcf7-response-output\" aria-hidden=\"true\"><\/div>\n<\/form>\n<\/div>\n[\/vc_column][vc_column width=&#8221;1\/3&#8243;][vc_empty_space height=&#8221;50px&#8221;][heading title=&#8221;SUBSIDIARIES&#8221; style=&#8221;9&#8243; animation=&#8221;fadeInDown&#8221;][vc_column_text]<strong>Groupe Volta<br \/>\n<\/strong><strong>Solution Volta<br \/>\n<\/strong><strong>Volta Capital<br \/>\nFinancement Parth\u00e9non<br \/>\n<\/strong>[\/vc_column_text][\/vc_column][vc_column width=&#8221;1\/3&#8243;][vc_empty_space height=&#8221;50px&#8221;][heading title=&#8221;Follow us&#8221; style=&#8221;9&#8243; animation=&#8221;fadeInDown&#8221;][icon_block icon=&#8221;fa fa-facebook&#8221; size=&#8221;large&#8221; hover=&#8221;1&#8243; color=&#8221;#2a6496&#8243; link=&#8221;url:https%3A%2F%2Fwww.facebook.com%2Fpages%2FFinancement-Volta%2F340413216289643|title:Facebook||&#8221; animation=&#8221;fadeInUp&#8221;][icon_block icon=&#8221;fa fa-linkedin-square&#8221; size=&#8221;large&#8221; hover=&#8221;1&#8243; color=&#8221;#2a6496&#8243; link=&#8221;url:https%3A%2F%2Fwww.linkedin.com%2Fin%2Folivier-laram%25C3%25A9e-asselin-5341a039%2F|title:Linkedin||&#8221; animation=&#8221;fadeInUp&#8221;][\/vc_column][\/vc_row]<\/p>\n<\/section>","protected":false},"excerpt":{"rendered":"<p>[vc_row css=&#8221;.vc_custom_1549908172993{padding-bottom: 15px !important;}&#8221;][vc_column][vc_column_text] Don\u2019t pay for our services, invest in our solutions! \u00a0 [\/vc_column_text][\/vc_column][\/vc_row][vc_row vertical_align=&#8221;middle&#8221; padding_size=&#8221;s-padding&#8221;][vc_column width=&#8221;1\/2&#8243;][vc_custom_heading text=&#8221;For people in financial difficulties&#8221; font_container=&#8221;tag:h2|font_size:30px|text_align:center&#8221; use_theme_fonts=&#8221;yes&#8221;][vc_separator el_width=&#8221;70%&#8221; color=&#8221;#000000&#8243;][vc_column_text] bad credit records and recent bankruptcy 60 days notice legal mortgage delays and debts consolidation [\/vc_column_text][\/vc_column][vc_column width=&#8221;1\/2&#8243;][vc_custom_heading text=&#8221;For real estate investors&#8221; font_container=&#8221;tag:h2|font_size:30px|text_align:center&#8221; use_theme_fonts=&#8221;yes&#8221;][vc_separator el_width=&#8221;70%&#8221; color=&#8221;#000000&#8243;][vc_column_text css=&#8221;.vc_custom_1621789331858{padding-left: 10% !important;}&#8221;] [&hellip;]<\/p>\n","protected":false},"author":1,"featured_media":0,"parent":0,"menu_order":0,"comment_status":"closed","ping_status":"closed","template":"full-width.php","meta":{"footnotes":""},"yoast_head":"<!-- This site is optimized with the Yoast SEO plugin v21.5 - https:\/\/yoast.com\/wordpress\/plugins\/seo\/ -->\n<title>Alternative mortage financing The private loan is suitable for two types of<\/title>\n<meta name=\"description\" content=\"Volta FINANCING is a young and dynamic company that was founded in 2013. Despite our relatively young age, our company has been in business\" \/>\n<meta name=\"robots\" content=\"index, follow, max-snippet:-1, max-image-preview:large, max-video-preview:-1\" \/>\n<link rel=\"canonical\" href=\"https:\/\/financementvolta.ca\/en\/\" \/>\n<meta property=\"og:locale\" content=\"en_US\" \/>\n<meta property=\"og:type\" content=\"article\" \/>\n<meta property=\"og:title\" content=\"Alternative mortage financing The private loan is suitable for two types of\" \/>\n<meta property=\"og:description\" content=\"Volta FINANCING is a young and dynamic company that was founded in 2013. Despite our relatively young age, our company has been in business\" \/>\n<meta property=\"og:url\" content=\"https:\/\/financementvolta.ca\/en\/\" \/>\n<meta property=\"og:site_name\" content=\"FinancementVolta\" \/>\n<meta property=\"article:modified_time\" content=\"2022-10-17T17:29:55+00:00\" \/>\n<meta name=\"twitter:card\" content=\"summary_large_image\" \/>\n<meta name=\"twitter:label1\" content=\"Est. reading time\" \/>\n\t<meta name=\"twitter:data1\" content=\"7 minutes\" \/>\n<script type=\"application\/ld+json\" class=\"yoast-schema-graph\">{\"@context\":\"https:\/\/schema.org\",\"@graph\":[{\"@type\":\"WebPage\",\"@id\":\"https:\/\/financementvolta.ca\/en\/\",\"url\":\"https:\/\/financementvolta.ca\/en\/\",\"name\":\"Alternative mortage financing The private loan is suitable for two types of\",\"isPartOf\":{\"@id\":\"https:\/\/financementvolta.ca\/#website\"},\"datePublished\":\"2019-04-25T17:57:07+00:00\",\"dateModified\":\"2022-10-17T17:29:55+00:00\",\"description\":\"Volta FINANCING is a young and dynamic company that was founded in 2013. Despite our relatively young age, our company has been in business\",\"breadcrumb\":{\"@id\":\"https:\/\/financementvolta.ca\/en\/#breadcrumb\"},\"inLanguage\":\"en-US\",\"potentialAction\":[{\"@type\":\"ReadAction\",\"target\":[\"https:\/\/financementvolta.ca\/en\/\"]}]},{\"@type\":\"BreadcrumbList\",\"@id\":\"https:\/\/financementvolta.ca\/en\/#breadcrumb\",\"itemListElement\":[{\"@type\":\"ListItem\",\"position\":1,\"name\":\"Home\",\"item\":\"https:\/\/financementvolta.ca\/en\/\"},{\"@type\":\"ListItem\",\"position\":2,\"name\":\"Home\"}]},{\"@type\":\"WebSite\",\"@id\":\"https:\/\/financementvolta.ca\/#website\",\"url\":\"https:\/\/financementvolta.ca\/\",\"name\":\"FinancementVolta\",\"description\":\"Financement Hypoth\u00e9caire Alternatif\",\"potentialAction\":[{\"@type\":\"SearchAction\",\"target\":{\"@type\":\"EntryPoint\",\"urlTemplate\":\"https:\/\/financementvolta.ca\/?s={search_term_string}\"},\"query-input\":\"required name=search_term_string\"}],\"inLanguage\":\"en-US\"}]}<\/script>\n<!-- \/ Yoast SEO plugin. -->","yoast_head_json":{"title":"Alternative mortage financing The private loan is suitable for two types of","description":"Volta FINANCING is a young and dynamic company that was founded in 2013. Despite our relatively young age, our company has been in business","robots":{"index":"index","follow":"follow","max-snippet":"max-snippet:-1","max-image-preview":"max-image-preview:large","max-video-preview":"max-video-preview:-1"},"canonical":"https:\/\/financementvolta.ca\/en\/","og_locale":"en_US","og_type":"article","og_title":"Alternative mortage financing The private loan is suitable for two types of","og_description":"Volta FINANCING is a young and dynamic company that was founded in 2013. Despite our relatively young age, our company has been in business","og_url":"https:\/\/financementvolta.ca\/en\/","og_site_name":"FinancementVolta","article_modified_time":"2022-10-17T17:29:55+00:00","twitter_card":"summary_large_image","twitter_misc":{"Est. reading time":"7 minutes"},"schema":{"@context":"https:\/\/schema.org","@graph":[{"@type":"WebPage","@id":"https:\/\/financementvolta.ca\/en\/","url":"https:\/\/financementvolta.ca\/en\/","name":"Alternative mortage financing The private loan is suitable for two types of","isPartOf":{"@id":"https:\/\/financementvolta.ca\/#website"},"datePublished":"2019-04-25T17:57:07+00:00","dateModified":"2022-10-17T17:29:55+00:00","description":"Volta FINANCING is a young and dynamic company that was founded in 2013. Despite our relatively young age, our company has been in business","breadcrumb":{"@id":"https:\/\/financementvolta.ca\/en\/#breadcrumb"},"inLanguage":"en-US","potentialAction":[{"@type":"ReadAction","target":["https:\/\/financementvolta.ca\/en\/"]}]},{"@type":"BreadcrumbList","@id":"https:\/\/financementvolta.ca\/en\/#breadcrumb","itemListElement":[{"@type":"ListItem","position":1,"name":"Home","item":"https:\/\/financementvolta.ca\/en\/"},{"@type":"ListItem","position":2,"name":"Home"}]},{"@type":"WebSite","@id":"https:\/\/financementvolta.ca\/#website","url":"https:\/\/financementvolta.ca\/","name":"FinancementVolta","description":"Financement Hypoth\u00e9caire Alternatif","potentialAction":[{"@type":"SearchAction","target":{"@type":"EntryPoint","urlTemplate":"https:\/\/financementvolta.ca\/?s={search_term_string}"},"query-input":"required name=search_term_string"}],"inLanguage":"en-US"}]}},"_links":{"self":[{"href":"https:\/\/financementvolta.ca\/en\/wp-json\/wp\/v2\/pages\/4535"}],"collection":[{"href":"https:\/\/financementvolta.ca\/en\/wp-json\/wp\/v2\/pages"}],"about":[{"href":"https:\/\/financementvolta.ca\/en\/wp-json\/wp\/v2\/types\/page"}],"author":[{"embeddable":true,"href":"https:\/\/financementvolta.ca\/en\/wp-json\/wp\/v2\/users\/1"}],"replies":[{"embeddable":true,"href":"https:\/\/financementvolta.ca\/en\/wp-json\/wp\/v2\/comments?post=4535"}],"version-history":[{"count":17,"href":"https:\/\/financementvolta.ca\/en\/wp-json\/wp\/v2\/pages\/4535\/revisions"}],"predecessor-version":[{"id":4605,"href":"https:\/\/financementvolta.ca\/en\/wp-json\/wp\/v2\/pages\/4535\/revisions\/4605"}],"wp:attachment":[{"href":"https:\/\/financementvolta.ca\/en\/wp-json\/wp\/v2\/media?parent=4535"}],"curies":[{"name":"wp","href":"https:\/\/api.w.org\/{rel}","templated":true}]}}